{"id":2832,"date":"2024-10-23T10:17:53","date_gmt":"2024-10-23T10:17:53","guid":{"rendered":"https:\/\/centretecnicfinancer.cat\/politica-de-cookies\/"},"modified":"2024-12-20T15:37:40","modified_gmt":"2024-12-20T15:37:40","slug":"politica-de-cookies","status":"publish","type":"page","link":"https:\/\/centretecnicfinancer.cat\/es\/politica-de-cookies\/","title":{"rendered":"Pol\u00edtica de cookies"},"content":{"rendered":"<div class=\"fusion-fullwidth fullwidth-box fusion-builder-row-1 fusion-flex-container nonhundred-percent-fullwidth non-hundred-percent-height-scrolling\" style=\"--awb-border-radius-top-left:0px;--awb-border-radius-top-right:0px;--awb-border-radius-bottom-right:0px;--awb-border-radius-bottom-left:0px;--awb-flex-wrap:wrap;\" ><div class=\"fusion-builder-row fusion-row fusion-flex-align-items-flex-start fusion-flex-content-wrap\" style=\"max-width:1372.8px;margin-left: calc(-4% \/ 2 );margin-right: calc(-4% \/ 2 );\"><div class=\"fusion-layout-column fusion_builder_column fusion-builder-column-0 fusion_builder_column_1_1 1_1 fusion-flex-column\" style=\"--awb-bg-size:cover;--awb-width-large:100%;--awb-margin-top-large:0px;--awb-spacing-right-large:1.92%;--awb-margin-bottom-large:0px;--awb-spacing-left-large:1.92%;--awb-width-medium:100%;--awb-spacing-right-medium:1.92%;--awb-spacing-left-medium:1.92%;--awb-width-small:100%;--awb-spacing-right-small:1.92%;--awb-spacing-left-small:1.92%;\"><div class=\"fusion-column-wrapper fusion-flex-justify-content-flex-start fusion-content-layout-column\"><div class=\"fusion-text fusion-text-1\"><p>\u00daltima modificaci\u00f3n: 23\/10\/2024<\/p>\n<h4>\u00bfQu\u00e9 son las cookies?<\/h4>\n<p>Esta Pol\u00edtica de Cookies explica qu\u00e9 son las cookies, c\u00f3mo las utilizamos, los tipos de cookies que usamos, es decir, la informaci\u00f3n que recopilamos mediante cookies y c\u00f3mo se utiliza dicha informaci\u00f3n, as\u00ed como la manera de gestionar la configuraci\u00f3n de las cookies.<\/p>\n<p>Las cookies son peque\u00f1os archivos de texto que se utilizan para almacenar peque\u00f1as cantidades de informaci\u00f3n. Se almacenan en tu dispositivo cuando el sitio web se carga en tu navegador. Estas cookies nos ayudan a que el sitio web funcione correctamente, a hacerlo m\u00e1s seguro, a ofrecerte una mejor experiencia de usuario y a entender c\u00f3mo funciona el sitio web, adem\u00e1s de analizar qu\u00e9 funciona bien y qu\u00e9 necesita mejorar.<\/p>\n<h4>\u00bfC\u00f3mo utilizamos las cookies?<\/h4>\n<p>Como la mayor\u00eda de los servicios en l\u00ednea, nuestro sitio web utiliza cookies propias y de terceros para varios prop\u00f3sitos. Las cookies propias son b\u00e1sicamente necesarias para que el sitio web funcione correctamente y no recopilan ninguna informaci\u00f3n personal identificable.<\/p>\n<p>Las cookies de terceros que se utilizan en nuestro sitio web son principalmente para entender c\u00f3mo funciona el sitio web, c\u00f3mo interact\u00faas con \u00e9l, mantener nuestros servicios seguros, ofrecerte anuncios que sean relevantes para ti y, en general, proporcionarte una mejor experiencia de usuario y ayudar a acelerar tus futuras interacciones con nuestro sitio web.<\/p>\n<p>[wcc_category_list]<\/p>\n<h4>Gestionar las preferencias de cookies<\/h4>\n<p>Puedes cambiar tus preferencias de cookies en cualquier momento haciendo clic en el bot\u00f3n [wcc_preference_button]. Esto te permitir\u00e1 revisar el banner de consentimiento de cookies y modificar tus preferencias o retirar tu consentimiento de inmediato. Adem\u00e1s, diferentes navegadores ofrecen diferentes m\u00e9todos para bloquear y eliminar las cookies utilizadas por los sitios web. Puedes cambiar la configuraci\u00f3n de tu navegador para bloquear\/eliminar las cookies. A continuaci\u00f3n, se muestran los enlaces a los documentos de soporte sobre c\u00f3mo gestionar y eliminar cookies en los principales navegadores web:<\/p>\n<ul>\n<li><strong>Chrome<\/strong>: <a href=\"https:\/\/support.google.com\/accounts\/answer\/32050\" target=\"_new\" rel=\"noopener\">https:\/\/support.google.com\/accounts\/answer\/32050<\/a><\/li>\n<li><strong>Safari<\/strong>: <a href=\"https:\/\/support.apple.com\/en-in\/guide\/safari\/sfri11471\/mac\" target=\"_new\" rel=\"noopener\">https:\/\/support.apple.com\/en-in\/guide\/safari\/sfri11471\/mac<\/a><\/li>\n<li><strong>Firefox<\/strong>: <a href=\"https:\/\/support.mozilla.org\/en-US\/kb\/clear-cookies-and-site-data-firefox?redirectslug=delete-cookies-remove-info-websites-stored&amp;redirectlocale=en-US\" target=\"_new\" rel=\"noopener\">https:\/\/support.mozilla.org\/en-US\/kb\/clear-cookies-and-site-data-firefox?redirectslug=delete-cookies-remove-info-websites-stored&amp;redirectlocale=en-US<\/a><\/li>\n<li><strong>Microsoft Edge<\/strong>: <a href=\"https:\/\/support.microsoft.com\/es-es\/microsoft-edge\" target=\"_new\" rel=\"noopener\">Eliminar cookies en Microsoft Edge &#8211; Microsoft Support<\/a><\/li>\n<\/ul>\n<p>Si utilizas otro navegador web, visita los documentos de soporte oficiales de tu navegador.<\/p>\n<\/div><\/div><\/div><\/div><\/div>\n","protected":false},"excerpt":{"rendered":"","protected":false},"author":1,"featured_media":0,"parent":0,"menu_order":0,"comment_status":"closed","ping_status":"closed","template":"100-width.php","meta":{"footnotes":""},"class_list":["post-2832","page","type-page","status-publish","hentry"],"yoast_head":"<!-- This site is optimized with the Yoast SEO plugin v27.4 - https:\/\/yoast.com\/product\/yoast-seo-wordpress\/ -->\n<title>Pol\u00edtica de cookies - Centre T\u00e8cnic Financer<\/title>\n<meta name=\"robots\" content=\"noindex, nofollow\" \/>\n<meta property=\"og:locale\" content=\"es_ES\" \/>\n<meta property=\"og:type\" content=\"article\" \/>\n<meta property=\"og:title\" content=\"Pol\u00edtica de cookies - Centre T\u00e8cnic Financer\" \/>\n<meta property=\"og:url\" content=\"https:\/\/centretecnicfinancer.cat\/es\/politica-de-cookies\/\" \/>\n<meta property=\"og:site_name\" content=\"Centre T\u00e8cnic Financer\" \/>\n<meta property=\"article:modified_time\" content=\"2024-12-20T15:37:40+00:00\" \/>\n<meta name=\"twitter:card\" content=\"summary_large_image\" \/>\n<meta name=\"twitter:label1\" content=\"Tiempo de lectura\" \/>\n\t<meta name=\"twitter:data1\" content=\"2 minutos\" \/>\n<script type=\"application\/ld+json\" class=\"yoast-schema-graph\">{\"@context\":\"https:\\\/\\\/schema.org\",\"@graph\":[{\"@type\":\"WebPage\",\"@id\":\"https:\\\/\\\/centretecnicfinancer.cat\\\/es\\\/politica-de-cookies\\\/\",\"url\":\"https:\\\/\\\/centretecnicfinancer.cat\\\/es\\\/politica-de-cookies\\\/\",\"name\":\"Pol\u00edtica de cookies - Centre T\u00e8cnic Financer\",\"isPartOf\":{\"@id\":\"https:\\\/\\\/centretecnicfinancer.cat\\\/es\\\/#website\"},\"datePublished\":\"2024-10-23T10:17:53+00:00\",\"dateModified\":\"2024-12-20T15:37:40+00:00\",\"breadcrumb\":{\"@id\":\"https:\\\/\\\/centretecnicfinancer.cat\\\/es\\\/politica-de-cookies\\\/#breadcrumb\"},\"inLanguage\":\"es\",\"potentialAction\":[{\"@type\":\"ReadAction\",\"target\":[\"https:\\\/\\\/centretecnicfinancer.cat\\\/es\\\/politica-de-cookies\\\/\"]}]},{\"@type\":\"BreadcrumbList\",\"@id\":\"https:\\\/\\\/centretecnicfinancer.cat\\\/es\\\/politica-de-cookies\\\/#breadcrumb\",\"itemListElement\":[{\"@type\":\"ListItem\",\"position\":1,\"name\":\"Inici\",\"item\":\"https:\\\/\\\/centretecnicfinancer.cat\\\/es\\\/\"},{\"@type\":\"ListItem\",\"position\":2,\"name\":\"Pol\u00edtica de cookies\"}]},{\"@type\":\"WebSite\",\"@id\":\"https:\\\/\\\/centretecnicfinancer.cat\\\/es\\\/#website\",\"url\":\"https:\\\/\\\/centretecnicfinancer.cat\\\/es\\\/\",\"name\":\"Centre T\u00e8cnic Financer\",\"description\":\"Mira una nova visi\u00f3 dels diners\",\"publisher\":{\"@id\":\"https:\\\/\\\/centretecnicfinancer.cat\\\/es\\\/#organization\"},\"potentialAction\":[{\"@type\":\"SearchAction\",\"target\":{\"@type\":\"EntryPoint\",\"urlTemplate\":\"https:\\\/\\\/centretecnicfinancer.cat\\\/es\\\/?s={search_term_string}\"},\"query-input\":{\"@type\":\"PropertyValueSpecification\",\"valueRequired\":true,\"valueName\":\"search_term_string\"}}],\"inLanguage\":\"es\"},{\"@type\":\"Organization\",\"@id\":\"https:\\\/\\\/centretecnicfinancer.cat\\\/es\\\/#organization\",\"name\":\"Centre T\u00e8cnic Financer\",\"url\":\"https:\\\/\\\/centretecnicfinancer.cat\\\/es\\\/\",\"logo\":{\"@type\":\"ImageObject\",\"inLanguage\":\"es\",\"@id\":\"https:\\\/\\\/centretecnicfinancer.cat\\\/es\\\/#\\\/schema\\\/logo\\\/image\\\/\",\"url\":\"https:\\\/\\\/centretecnicfinancer.cat\\\/wp-content\\\/uploads\\\/2024\\\/10\\\/logo_ctf_color-e1728902615128-1.png\",\"contentUrl\":\"https:\\\/\\\/centretecnicfinancer.cat\\\/wp-content\\\/uploads\\\/2024\\\/10\\\/logo_ctf_color-e1728902615128-1.png\",\"width\":100,\"height\":101,\"caption\":\"Centre T\u00e8cnic Financer\"},\"image\":{\"@id\":\"https:\\\/\\\/centretecnicfinancer.cat\\\/es\\\/#\\\/schema\\\/logo\\\/image\\\/\"}}]}<\/script>\n<!-- \/ Yoast SEO plugin. -->","yoast_head_json":{"title":"Pol\u00edtica de cookies - Centre T\u00e8cnic Financer","robots":{"index":"noindex","follow":"nofollow"},"og_locale":"es_ES","og_type":"article","og_title":"Pol\u00edtica de cookies - Centre T\u00e8cnic Financer","og_url":"https:\/\/centretecnicfinancer.cat\/es\/politica-de-cookies\/","og_site_name":"Centre T\u00e8cnic Financer","article_modified_time":"2024-12-20T15:37:40+00:00","twitter_card":"summary_large_image","twitter_misc":{"Tiempo de lectura":"2 minutos"},"schema":{"@context":"https:\/\/schema.org","@graph":[{"@type":"WebPage","@id":"https:\/\/centretecnicfinancer.cat\/es\/politica-de-cookies\/","url":"https:\/\/centretecnicfinancer.cat\/es\/politica-de-cookies\/","name":"Pol\u00edtica de cookies - Centre T\u00e8cnic Financer","isPartOf":{"@id":"https:\/\/centretecnicfinancer.cat\/es\/#website"},"datePublished":"2024-10-23T10:17:53+00:00","dateModified":"2024-12-20T15:37:40+00:00","breadcrumb":{"@id":"https:\/\/centretecnicfinancer.cat\/es\/politica-de-cookies\/#breadcrumb"},"inLanguage":"es","potentialAction":[{"@type":"ReadAction","target":["https:\/\/centretecnicfinancer.cat\/es\/politica-de-cookies\/"]}]},{"@type":"BreadcrumbList","@id":"https:\/\/centretecnicfinancer.cat\/es\/politica-de-cookies\/#breadcrumb","itemListElement":[{"@type":"ListItem","position":1,"name":"Inici","item":"https:\/\/centretecnicfinancer.cat\/es\/"},{"@type":"ListItem","position":2,"name":"Pol\u00edtica de cookies"}]},{"@type":"WebSite","@id":"https:\/\/centretecnicfinancer.cat\/es\/#website","url":"https:\/\/centretecnicfinancer.cat\/es\/","name":"Centre T\u00e8cnic Financer","description":"Mira una nova visi\u00f3 dels diners","publisher":{"@id":"https:\/\/centretecnicfinancer.cat\/es\/#organization"},"potentialAction":[{"@type":"SearchAction","target":{"@type":"EntryPoint","urlTemplate":"https:\/\/centretecnicfinancer.cat\/es\/?s={search_term_string}"},"query-input":{"@type":"PropertyValueSpecification","valueRequired":true,"valueName":"search_term_string"}}],"inLanguage":"es"},{"@type":"Organization","@id":"https:\/\/centretecnicfinancer.cat\/es\/#organization","name":"Centre T\u00e8cnic Financer","url":"https:\/\/centretecnicfinancer.cat\/es\/","logo":{"@type":"ImageObject","inLanguage":"es","@id":"https:\/\/centretecnicfinancer.cat\/es\/#\/schema\/logo\/image\/","url":"https:\/\/centretecnicfinancer.cat\/wp-content\/uploads\/2024\/10\/logo_ctf_color-e1728902615128-1.png","contentUrl":"https:\/\/centretecnicfinancer.cat\/wp-content\/uploads\/2024\/10\/logo_ctf_color-e1728902615128-1.png","width":100,"height":101,"caption":"Centre T\u00e8cnic Financer"},"image":{"@id":"https:\/\/centretecnicfinancer.cat\/es\/#\/schema\/logo\/image\/"}}]}},"_links":{"self":[{"href":"https:\/\/centretecnicfinancer.cat\/es\/wp-json\/wp\/v2\/pages\/2832","targetHints":{"allow":["GET"]}}],"collection":[{"href":"https:\/\/centretecnicfinancer.cat\/es\/wp-json\/wp\/v2\/pages"}],"about":[{"href":"https:\/\/centretecnicfinancer.cat\/es\/wp-json\/wp\/v2\/types\/page"}],"author":[{"embeddable":true,"href":"https:\/\/centretecnicfinancer.cat\/es\/wp-json\/wp\/v2\/users\/1"}],"replies":[{"embeddable":true,"href":"https:\/\/centretecnicfinancer.cat\/es\/wp-json\/wp\/v2\/comments?post=2832"}],"version-history":[{"count":1,"href":"https:\/\/centretecnicfinancer.cat\/es\/wp-json\/wp\/v2\/pages\/2832\/revisions"}],"predecessor-version":[{"id":2833,"href":"https:\/\/centretecnicfinancer.cat\/es\/wp-json\/wp\/v2\/pages\/2832\/revisions\/2833"}],"wp:attachment":[{"href":"https:\/\/centretecnicfinancer.cat\/es\/wp-json\/wp\/v2\/media?parent=2832"}],"curies":[{"name":"wp","href":"https:\/\/api.w.org\/{rel}","templated":true}]}}