{"id":2827,"date":"2024-10-23T07:28:22","date_gmt":"2024-10-23T07:28:22","guid":{"rendered":"https:\/\/centretecnicfinancer.cat\/politica-de-privadesa\/"},"modified":"2024-12-20T15:36:26","modified_gmt":"2024-12-20T15:36:26","slug":"politica-de-privacidad","status":"publish","type":"page","link":"https:\/\/centretecnicfinancer.cat\/es\/politica-de-privacidad\/","title":{"rendered":"Pol\u00edtica de privacidad"},"content":{"rendered":"\r\n<p>Nuestra direcci\u00f3n web es: <a href=\"https:\/\/centretecnicfinancer.cat\/es\/\" target=\"_new\" rel=\"noopener\">https:\/\/centretecnicfinancer.cat\/es\/<\/a>.<\/p>\r\n<h4 class=\"wp-block-heading\">Comentarios<\/h4>\r\n<p>Cuando los visitantes dejan comentarios en nuestro sitio web, recopilamos los datos que se muestran en el formulario de comentarios, as\u00ed como la direcci\u00f3n IP del visitante y la cadena de agente de usuario del navegador para ayudar en la detecci\u00f3n de spam.<\/p>\r\n<p>Una cadena anonimizada creada a partir de tu direcci\u00f3n de correo electr\u00f3nico (llamada hash) puede proporcionarse al servicio Gravatar para ver si la est\u00e1s utilizando. La pol\u00edtica de privacidad del servicio Gravatar est\u00e1 disponible en: <a href=\"https:\/\/automattic.com\/privacy\/\" target=\"_new\" rel=\"noopener\">https:\/\/automattic.com\/privacy\/<\/a>. Despu\u00e9s de la aprobaci\u00f3n del comentario, la imagen de tu perfil ser\u00e1 visible al p\u00fablico en el contexto de tu comentario.<\/p>\r\n<h4>Medios<\/h4>\r\n<p>Si subes im\u00e1genes al sitio web, debes evitar subir im\u00e1genes que incluyan datos de localizaci\u00f3n (EXIF GPS) incrustados, ya que los visitantes pueden descargarlas y extraer esa informaci\u00f3n.<\/p>\r\n<h4>Cookies<\/h4>\r\n<p>Si dejas un comentario en nuestro sitio web, puedes optar por guardar tu nombre, direcci\u00f3n de correo electr\u00f3nico y sitio web en las cookies. Esto es para tu comodidad, de modo que no tengas que volver a completar esta informaci\u00f3n cuando dejes otro comentario. Estas cookies durar\u00e1n un a\u00f1o.<\/p>\r\n<p>Si tienes una cuenta e inicias sesi\u00f3n en este sitio, configuraremos una cookie temporal para determinar si tu navegador acepta cookies. Esta cookie no contiene datos personales y se eliminar\u00e1 al cerrar el navegador.<\/p>\r\n<p>Cuando inicias sesi\u00f3n, tambi\u00e9n configuramos varias cookies para guardar tu informaci\u00f3n de inicio de sesi\u00f3n y tus preferencias de pantalla. Las cookies de inicio de sesi\u00f3n duran dos d\u00edas, y las cookies de preferencias de pantalla duran un a\u00f1o. Si seleccionas \u00abRecordarme\u00bb, tu inicio de sesi\u00f3n persistir\u00e1 durante dos semanas. Si cierras sesi\u00f3n, las cookies de inicio de sesi\u00f3n se eliminar\u00e1n.<\/p>\r\n<p>Si editas o publicas un art\u00edculo, se guardar\u00e1 una cookie adicional en tu navegador. Esta cookie no incluye datos personales y simplemente indica el ID de la entrada del art\u00edculo que acabas de editar. Expira despu\u00e9s de un d\u00eda.<\/p>\r\n<h4>Contenido incrustado de otros sitios web<\/h4>\r\n<p>Los art\u00edculos en este sitio web pueden incluir contenido incrustado (por ejemplo, v\u00eddeos, im\u00e1genes, art\u00edculos, etc.). El contenido incrustado de otros sitios web se comporta de la misma manera que si el visitante estuviera visitando directamente ese otro sitio web.<\/p>\r\n<p>Estos sitios web pueden recopilar datos sobre ti, utilizar cookies, incrustar seguimiento adicional de terceros y monitorear tu interacci\u00f3n con el contenido incrustado, incluyendo el seguimiento de tu interacci\u00f3n si tienes una cuenta y has iniciado sesi\u00f3n en ese sitio web.<\/p>\r\n<h4>Con qui\u00e9n compartimos tus datos<\/h4>\r\n<p>Si solicitas un restablecimiento de contrase\u00f1a, tu direcci\u00f3n IP se incluir\u00e1 en el correo electr\u00f3nico de restablecimiento.<\/p>\r\n<h4>Cu\u00e1nto tiempo retenemos tus datos<\/h4>\r\n<p>Si dejas un comentario, el comentario y sus metadatos se conservan indefinidamente. Esto es para que podamos reconocer y aprobar autom\u00e1ticamente los comentarios de seguimiento, en lugar de mantenerlos en la cola de moderaci\u00f3n.<\/p>\r\n<p>Para los usuarios que se registran en nuestro sitio web (si los hay), tambi\u00e9n almacenamos la informaci\u00f3n personal que proporcionan en su perfil de usuario. Todos los usuarios pueden ver, editar o eliminar su informaci\u00f3n personal en cualquier momento (excepto su nombre de usuario, que no se puede cambiar). Los administradores del sitio web tambi\u00e9n pueden ver y editar esta informaci\u00f3n.<\/p>\r\n<h4>Qu\u00e9 derechos tienes sobre tus datos<\/h4>\r\n<p>Si tienes una cuenta o has dejado comentarios en este sitio web, puedes solicitar recibir un archivo de exportaci\u00f3n con los datos personales que tenemos sobre ti, incluyendo cualquier dato que nos hayas proporcionado. Tambi\u00e9n puedes solicitar que borremos cualquier dato personal tuyo que tengamos. Esto no incluye ning\u00fan dato que estemos obligados a conservar por motivos administrativos, legales o de seguridad.<\/p>\r\n<h4>D\u00f3nde enviamos tus datos<\/h4>\r\n<p>Los comentarios de los visitantes pueden ser revisados a trav\u00e9s de un servicio de detecci\u00f3n autom\u00e1tica de spam.<\/p>","protected":false},"excerpt":{"rendered":"<p>Nuestra direcci\u00f3n web es: https:\/\/centretecnicfinancer.cat\/es\/. Comentarios Cuando los visitantes dejan  &#8230;<\/p>\n","protected":false},"author":1,"featured_media":0,"parent":0,"menu_order":0,"comment_status":"closed","ping_status":"closed","template":"100-width.php","meta":{"footnotes":""},"class_list":["post-2827","page","type-page","status-publish","hentry"],"yoast_head":"<!-- This site is optimized with the Yoast SEO plugin v27.4 - https:\/\/yoast.com\/product\/yoast-seo-wordpress\/ -->\n<title>Pol\u00edtica de privacidad - Centre T\u00e8cnic Financer<\/title>\n<meta name=\"robots\" content=\"noindex, nofollow\" \/>\n<meta property=\"og:locale\" content=\"es_ES\" \/>\n<meta property=\"og:type\" content=\"article\" \/>\n<meta property=\"og:title\" content=\"Pol\u00edtica de privacidad - Centre T\u00e8cnic Financer\" \/>\n<meta property=\"og:description\" content=\"Nuestra direcci\u00f3n web es: https:\/\/centretecnicfinancer.cat\/es\/. Comentarios Cuando los visitantes dejan ...\" \/>\n<meta property=\"og:url\" content=\"https:\/\/centretecnicfinancer.cat\/es\/politica-de-privacidad\/\" \/>\n<meta property=\"og:site_name\" content=\"Centre T\u00e8cnic Financer\" \/>\n<meta property=\"article:modified_time\" content=\"2024-12-20T15:36:26+00:00\" \/>\n<meta name=\"twitter:card\" content=\"summary_large_image\" \/>\n<meta name=\"twitter:label1\" content=\"Tiempo de lectura\" \/>\n\t<meta name=\"twitter:data1\" content=\"4 minutos\" \/>\n<script type=\"application\/ld+json\" class=\"yoast-schema-graph\">{\"@context\":\"https:\\\/\\\/schema.org\",\"@graph\":[{\"@type\":\"WebPage\",\"@id\":\"https:\\\/\\\/centretecnicfinancer.cat\\\/es\\\/politica-de-privacidad\\\/\",\"url\":\"https:\\\/\\\/centretecnicfinancer.cat\\\/es\\\/politica-de-privacidad\\\/\",\"name\":\"Pol\u00edtica de privacidad - Centre T\u00e8cnic Financer\",\"isPartOf\":{\"@id\":\"https:\\\/\\\/centretecnicfinancer.cat\\\/es\\\/#website\"},\"datePublished\":\"2024-10-23T07:28:22+00:00\",\"dateModified\":\"2024-12-20T15:36:26+00:00\",\"breadcrumb\":{\"@id\":\"https:\\\/\\\/centretecnicfinancer.cat\\\/es\\\/politica-de-privacidad\\\/#breadcrumb\"},\"inLanguage\":\"es\",\"potentialAction\":[{\"@type\":\"ReadAction\",\"target\":[\"https:\\\/\\\/centretecnicfinancer.cat\\\/es\\\/politica-de-privacidad\\\/\"]}]},{\"@type\":\"BreadcrumbList\",\"@id\":\"https:\\\/\\\/centretecnicfinancer.cat\\\/es\\\/politica-de-privacidad\\\/#breadcrumb\",\"itemListElement\":[{\"@type\":\"ListItem\",\"position\":1,\"name\":\"Inici\",\"item\":\"https:\\\/\\\/centretecnicfinancer.cat\\\/es\\\/\"},{\"@type\":\"ListItem\",\"position\":2,\"name\":\"Pol\u00edtica de privacidad\"}]},{\"@type\":\"WebSite\",\"@id\":\"https:\\\/\\\/centretecnicfinancer.cat\\\/es\\\/#website\",\"url\":\"https:\\\/\\\/centretecnicfinancer.cat\\\/es\\\/\",\"name\":\"Centre T\u00e8cnic Financer\",\"description\":\"Mira una nova visi\u00f3 dels diners\",\"publisher\":{\"@id\":\"https:\\\/\\\/centretecnicfinancer.cat\\\/es\\\/#organization\"},\"potentialAction\":[{\"@type\":\"SearchAction\",\"target\":{\"@type\":\"EntryPoint\",\"urlTemplate\":\"https:\\\/\\\/centretecnicfinancer.cat\\\/es\\\/?s={search_term_string}\"},\"query-input\":{\"@type\":\"PropertyValueSpecification\",\"valueRequired\":true,\"valueName\":\"search_term_string\"}}],\"inLanguage\":\"es\"},{\"@type\":\"Organization\",\"@id\":\"https:\\\/\\\/centretecnicfinancer.cat\\\/es\\\/#organization\",\"name\":\"Centre T\u00e8cnic Financer\",\"url\":\"https:\\\/\\\/centretecnicfinancer.cat\\\/es\\\/\",\"logo\":{\"@type\":\"ImageObject\",\"inLanguage\":\"es\",\"@id\":\"https:\\\/\\\/centretecnicfinancer.cat\\\/es\\\/#\\\/schema\\\/logo\\\/image\\\/\",\"url\":\"https:\\\/\\\/centretecnicfinancer.cat\\\/wp-content\\\/uploads\\\/2024\\\/10\\\/logo_ctf_color-e1728902615128-1.png\",\"contentUrl\":\"https:\\\/\\\/centretecnicfinancer.cat\\\/wp-content\\\/uploads\\\/2024\\\/10\\\/logo_ctf_color-e1728902615128-1.png\",\"width\":100,\"height\":101,\"caption\":\"Centre T\u00e8cnic Financer\"},\"image\":{\"@id\":\"https:\\\/\\\/centretecnicfinancer.cat\\\/es\\\/#\\\/schema\\\/logo\\\/image\\\/\"}}]}<\/script>\n<!-- \/ Yoast SEO plugin. -->","yoast_head_json":{"title":"Pol\u00edtica de privacidad - Centre T\u00e8cnic Financer","robots":{"index":"noindex","follow":"nofollow"},"og_locale":"es_ES","og_type":"article","og_title":"Pol\u00edtica de privacidad - Centre T\u00e8cnic Financer","og_description":"Nuestra direcci\u00f3n web es: https:\/\/centretecnicfinancer.cat\/es\/. Comentarios Cuando los visitantes dejan ...","og_url":"https:\/\/centretecnicfinancer.cat\/es\/politica-de-privacidad\/","og_site_name":"Centre T\u00e8cnic Financer","article_modified_time":"2024-12-20T15:36:26+00:00","twitter_card":"summary_large_image","twitter_misc":{"Tiempo de lectura":"4 minutos"},"schema":{"@context":"https:\/\/schema.org","@graph":[{"@type":"WebPage","@id":"https:\/\/centretecnicfinancer.cat\/es\/politica-de-privacidad\/","url":"https:\/\/centretecnicfinancer.cat\/es\/politica-de-privacidad\/","name":"Pol\u00edtica de privacidad - Centre T\u00e8cnic Financer","isPartOf":{"@id":"https:\/\/centretecnicfinancer.cat\/es\/#website"},"datePublished":"2024-10-23T07:28:22+00:00","dateModified":"2024-12-20T15:36:26+00:00","breadcrumb":{"@id":"https:\/\/centretecnicfinancer.cat\/es\/politica-de-privacidad\/#breadcrumb"},"inLanguage":"es","potentialAction":[{"@type":"ReadAction","target":["https:\/\/centretecnicfinancer.cat\/es\/politica-de-privacidad\/"]}]},{"@type":"BreadcrumbList","@id":"https:\/\/centretecnicfinancer.cat\/es\/politica-de-privacidad\/#breadcrumb","itemListElement":[{"@type":"ListItem","position":1,"name":"Inici","item":"https:\/\/centretecnicfinancer.cat\/es\/"},{"@type":"ListItem","position":2,"name":"Pol\u00edtica de privacidad"}]},{"@type":"WebSite","@id":"https:\/\/centretecnicfinancer.cat\/es\/#website","url":"https:\/\/centretecnicfinancer.cat\/es\/","name":"Centre T\u00e8cnic Financer","description":"Mira una nova visi\u00f3 dels diners","publisher":{"@id":"https:\/\/centretecnicfinancer.cat\/es\/#organization"},"potentialAction":[{"@type":"SearchAction","target":{"@type":"EntryPoint","urlTemplate":"https:\/\/centretecnicfinancer.cat\/es\/?s={search_term_string}"},"query-input":{"@type":"PropertyValueSpecification","valueRequired":true,"valueName":"search_term_string"}}],"inLanguage":"es"},{"@type":"Organization","@id":"https:\/\/centretecnicfinancer.cat\/es\/#organization","name":"Centre T\u00e8cnic Financer","url":"https:\/\/centretecnicfinancer.cat\/es\/","logo":{"@type":"ImageObject","inLanguage":"es","@id":"https:\/\/centretecnicfinancer.cat\/es\/#\/schema\/logo\/image\/","url":"https:\/\/centretecnicfinancer.cat\/wp-content\/uploads\/2024\/10\/logo_ctf_color-e1728902615128-1.png","contentUrl":"https:\/\/centretecnicfinancer.cat\/wp-content\/uploads\/2024\/10\/logo_ctf_color-e1728902615128-1.png","width":100,"height":101,"caption":"Centre T\u00e8cnic Financer"},"image":{"@id":"https:\/\/centretecnicfinancer.cat\/es\/#\/schema\/logo\/image\/"}}]}},"_links":{"self":[{"href":"https:\/\/centretecnicfinancer.cat\/es\/wp-json\/wp\/v2\/pages\/2827","targetHints":{"allow":["GET"]}}],"collection":[{"href":"https:\/\/centretecnicfinancer.cat\/es\/wp-json\/wp\/v2\/pages"}],"about":[{"href":"https:\/\/centretecnicfinancer.cat\/es\/wp-json\/wp\/v2\/types\/page"}],"author":[{"embeddable":true,"href":"https:\/\/centretecnicfinancer.cat\/es\/wp-json\/wp\/v2\/users\/1"}],"replies":[{"embeddable":true,"href":"https:\/\/centretecnicfinancer.cat\/es\/wp-json\/wp\/v2\/comments?post=2827"}],"version-history":[{"count":3,"href":"https:\/\/centretecnicfinancer.cat\/es\/wp-json\/wp\/v2\/pages\/2827\/revisions"}],"predecessor-version":[{"id":2831,"href":"https:\/\/centretecnicfinancer.cat\/es\/wp-json\/wp\/v2\/pages\/2827\/revisions\/2831"}],"wp:attachment":[{"href":"https:\/\/centretecnicfinancer.cat\/es\/wp-json\/wp\/v2\/media?parent=2827"}],"curies":[{"name":"wp","href":"https:\/\/api.w.org\/{rel}","templated":true}]}}