{"id":2782,"date":"2024-10-23T07:28:22","date_gmt":"2024-10-23T07:28:22","guid":{"rendered":"https:\/\/centretecnicfinancer.cat\/?page_id=2782"},"modified":"2024-12-20T15:36:02","modified_gmt":"2024-12-20T15:36:02","slug":"politica-de-privadesa","status":"publish","type":"page","link":"https:\/\/centretecnicfinancer.cat\/ca\/politica-de-privadesa\/","title":{"rendered":"Pol\u00edtica de privadesa"},"content":{"rendered":"\r\n<p>La nostra adre\u00e7a web \u00e9s: <a href=\"https:\/\/centretecnicfinancer.cat\/ca\/\" target=\"_new\" rel=\"noopener\">https:\/\/centretecnicfinancer.cat\/ca\/<\/a>.<\/p>\r\n<h4 class=\"wp-block-heading\">Comentaris<\/h4>\r\n<p>Quan els visitants deixen comentaris al nostre lloc web, recollim les dades que es mostren en el formulari de comentaris, aix\u00ed com l&#8217;adre\u00e7a IP del visitant i la cadena de l&#8217;agent de l&#8217;usuari del navegador per ajudar a la detecci\u00f3 de correu brossa.<\/p>\r\n<p>Una cadena anonimitzada creada a partir de la vostra adre\u00e7a electr\u00f2nica (anomenada hash) pot ser proporcionada al servei Gravatar per veure si l&#8217;esteu utilitzant. La pol\u00edtica de privadesa del servei Gravatar es pot consultar a: <a href=\"https:\/\/automattic.com\/privacy\/\" target=\"_new\" rel=\"noopener\">https:\/\/automattic.com\/privacy\/<\/a>. Despr\u00e9s de l&#8217;aprovaci\u00f3 del comentari, la imatge del vostre perfil ser\u00e0 visible p\u00fablicament en el context del comentari.<\/p>\r\n<h4>M\u00e8dia<\/h4>\r\n<p>Si carregueu imatges al lloc web, eviteu pujar imatges que incloguin dades de geolocalitzaci\u00f3 (EXIF GPS) incrustades, ja que els visitants poden descarregar-les i extreure&#8217;n aquesta informaci\u00f3.<\/p>\r\n<h4>Galetes<\/h4>\r\n<p>Quan deixeu un comentari al nostre lloc, podeu optar per desar el vostre nom, adre\u00e7a electr\u00f2nica i lloc web en galetes, per la vostra comoditat, de manera que no hagueu de tornar a introduir aquesta informaci\u00f3 en comentaris posteriors. Aquestes galetes tenen una durada d&#8217;un any.<\/p>\r\n<p>Si teniu un compte i inicieu sessi\u00f3, s&#8217;establir\u00e0 una galeta temporal per determinar si el vostre navegador accepta galetes. Aquesta galeta no cont\u00e9 dades personals i es descarta en tancar el navegador.<\/p>\r\n<p>Quan inicieu sessi\u00f3, tamb\u00e9 s&#8217;establiran diverses galetes per desar la vostra informaci\u00f3 d&#8217;inici de sessi\u00f3 i les prefer\u00e8ncies de visualitzaci\u00f3 de pantalla. Les galetes d&#8217;inici de sessi\u00f3 duren dos dies, i les galetes de prefer\u00e8ncies de pantalla duren un any. Si seleccioneu &#8220;Recordeu-me&#8221;, la sessi\u00f3 persistir\u00e0 durant dues setmanes. En tancar la sessi\u00f3, les galetes d&#8217;inici de sessi\u00f3 s&#8217;eliminaran.<\/p>\r\n<p>Si editeu o publiqueu un article, es desar\u00e0 una galeta addicional al vostre navegador. Aquesta galeta no cont\u00e9 dades personals i simplement indica l&#8217;ID de la publicaci\u00f3 que acabeu d&#8217;editar. Caduca al cap d&#8217;un dia.<\/p>\r\n<h4>Contingut incrustat d&#8217;altres llocs web<\/h4>\r\n<p>Els articles d&#8217;aquest lloc web poden incloure contingut incrustat (com ara v\u00eddeos, imatges, articles, etc.). El contingut incrustat d&#8217;altres llocs web es comporta de la mateixa manera com si el visitant visit\u00e9s directament l&#8217;altre lloc web.<\/p>\r\n<p>Aquests llocs poden recollir dades sobre vosaltres, utilitzar galetes, incrustar seguiment addicional de tercers, i monitoritzar la vostra interacci\u00f3 amb el contingut incrustat, incloent-hi el seguiment de la vostra interacci\u00f3 si teniu un compte i heu iniciat sessi\u00f3 en aquest lloc web.<\/p>\r\n<h4>Amb qui compartim les vostres dades<\/h4>\r\n<p>Si sol\u00b7liciteu un reinici de contrasenya, la vostra adre\u00e7a IP s&#8217;inclour\u00e0 en el correu electr\u00f2nic de restabliment.<\/p>\r\n<h4>Quant de temps retenim les vostres dades<\/h4>\r\n<p>Si deixeu un comentari, el comentari i les seves metadades es conserven indefinidament. Aix\u00f2 \u00e9s per tal de poder recon\u00e8ixer i aprovar autom\u00e0ticament els comentaris de seguiment, sense mantenir-los en la cua de moderaci\u00f3.<\/p>\r\n<p>Per als usuaris que es registren al nostre lloc web (si n&#8217;hi ha), emmagatzemem la informaci\u00f3 personal que proporcionen en el seu perfil d&#8217;usuari. Tots els usuaris poden veure, editar o eliminar la seva informaci\u00f3 personal en qualsevol moment (excepte el nom d&#8217;usuari, que no es pot canviar). Els administradors del lloc web tamb\u00e9 poden veure i editar aquesta informaci\u00f3.<\/p>\r\n<h4>Quins drets teniu sobre les vostres dades<\/h4>\r\n<p>Si teniu un compte o heu deixat comentaris en aquest lloc web, podeu sol\u00b7licitar rebre un fitxer d&#8217;exportaci\u00f3 amb les dades personals que tenim sobre vosaltres, incloent-hi qualsevol dada que ens h\u00e0giu proporcionat. Tamb\u00e9 podeu sol\u00b7licitar que esborr\u00e9ssim qualsevol dada personal vostra que tinguem. Aix\u00f2 no inclou cap dada que estiguem obligats a conservar per motius administratius, legals o de seguretat.<\/p>\r\n<h4>On s&#8217;envien les vostres dades<\/h4>\r\n<p>Els comentaris dels visitants poden ser verificats a trav\u00e9s d&#8217;un servei de detecci\u00f3 autom\u00e0tica de correu brossa.<\/p>","protected":false},"excerpt":{"rendered":"<p>La nostra adre\u00e7a web \u00e9s: https:\/\/centretecnicfinancer.cat\/ca\/. Comentaris Quan els visitants  &#8230;<\/p>\n","protected":false},"author":1,"featured_media":0,"parent":0,"menu_order":0,"comment_status":"closed","ping_status":"closed","template":"100-width.php","meta":{"footnotes":""},"class_list":["post-2782","page","type-page","status-publish","hentry"],"yoast_head":"<!-- This site is optimized with the Yoast SEO plugin v27.4 - https:\/\/yoast.com\/product\/yoast-seo-wordpress\/ -->\n<title>Pol\u00edtica de privadesa - Centre T\u00e8cnic Financer<\/title>\n<meta name=\"robots\" content=\"noindex, nofollow\" \/>\n<meta property=\"og:locale\" content=\"ca_ES\" \/>\n<meta property=\"og:type\" content=\"article\" \/>\n<meta property=\"og:title\" content=\"Pol\u00edtica de privadesa - Centre T\u00e8cnic Financer\" \/>\n<meta property=\"og:description\" content=\"La nostra adre\u00e7a web \u00e9s: https:\/\/centretecnicfinancer.cat\/ca\/. Comentaris Quan els visitants ...\" \/>\n<meta property=\"og:url\" content=\"https:\/\/centretecnicfinancer.cat\/ca\/politica-de-privadesa\/\" \/>\n<meta property=\"og:site_name\" content=\"Centre T\u00e8cnic Financer\" \/>\n<meta property=\"article:modified_time\" content=\"2024-12-20T15:36:02+00:00\" \/>\n<meta name=\"twitter:card\" content=\"summary_large_image\" \/>\n<meta name=\"twitter:label1\" content=\"Temps estimat de lectura\" \/>\n\t<meta name=\"twitter:data1\" content=\"4 minuts\" \/>\n<script type=\"application\/ld+json\" class=\"yoast-schema-graph\">{\"@context\":\"https:\\\/\\\/schema.org\",\"@graph\":[{\"@type\":\"WebPage\",\"@id\":\"https:\\\/\\\/centretecnicfinancer.cat\\\/ca\\\/politica-de-privadesa\\\/\",\"url\":\"https:\\\/\\\/centretecnicfinancer.cat\\\/ca\\\/politica-de-privadesa\\\/\",\"name\":\"Pol\u00edtica de privadesa - Centre T\u00e8cnic Financer\",\"isPartOf\":{\"@id\":\"https:\\\/\\\/centretecnicfinancer.cat\\\/ca\\\/#website\"},\"datePublished\":\"2024-10-23T07:28:22+00:00\",\"dateModified\":\"2024-12-20T15:36:02+00:00\",\"breadcrumb\":{\"@id\":\"https:\\\/\\\/centretecnicfinancer.cat\\\/ca\\\/politica-de-privadesa\\\/#breadcrumb\"},\"inLanguage\":\"ca\",\"potentialAction\":[{\"@type\":\"ReadAction\",\"target\":[\"https:\\\/\\\/centretecnicfinancer.cat\\\/ca\\\/politica-de-privadesa\\\/\"]}]},{\"@type\":\"BreadcrumbList\",\"@id\":\"https:\\\/\\\/centretecnicfinancer.cat\\\/ca\\\/politica-de-privadesa\\\/#breadcrumb\",\"itemListElement\":[{\"@type\":\"ListItem\",\"position\":1,\"name\":\"Inici\",\"item\":\"https:\\\/\\\/centretecnicfinancer.cat\\\/ca\\\/\"},{\"@type\":\"ListItem\",\"position\":2,\"name\":\"Pol\u00edtica de privadesa\"}]},{\"@type\":\"WebSite\",\"@id\":\"https:\\\/\\\/centretecnicfinancer.cat\\\/ca\\\/#website\",\"url\":\"https:\\\/\\\/centretecnicfinancer.cat\\\/ca\\\/\",\"name\":\"Centre T\u00e8cnic Financer\",\"description\":\"Mira una nova visi\u00f3 dels diners\",\"publisher\":{\"@id\":\"https:\\\/\\\/centretecnicfinancer.cat\\\/ca\\\/#organization\"},\"potentialAction\":[{\"@type\":\"SearchAction\",\"target\":{\"@type\":\"EntryPoint\",\"urlTemplate\":\"https:\\\/\\\/centretecnicfinancer.cat\\\/ca\\\/?s={search_term_string}\"},\"query-input\":{\"@type\":\"PropertyValueSpecification\",\"valueRequired\":true,\"valueName\":\"search_term_string\"}}],\"inLanguage\":\"ca\"},{\"@type\":\"Organization\",\"@id\":\"https:\\\/\\\/centretecnicfinancer.cat\\\/ca\\\/#organization\",\"name\":\"Centre T\u00e8cnic Financer\",\"url\":\"https:\\\/\\\/centretecnicfinancer.cat\\\/ca\\\/\",\"logo\":{\"@type\":\"ImageObject\",\"inLanguage\":\"ca\",\"@id\":\"https:\\\/\\\/centretecnicfinancer.cat\\\/ca\\\/#\\\/schema\\\/logo\\\/image\\\/\",\"url\":\"https:\\\/\\\/centretecnicfinancer.cat\\\/wp-content\\\/uploads\\\/2024\\\/10\\\/logo_ctf_color-e1728902615128-1.png\",\"contentUrl\":\"https:\\\/\\\/centretecnicfinancer.cat\\\/wp-content\\\/uploads\\\/2024\\\/10\\\/logo_ctf_color-e1728902615128-1.png\",\"width\":100,\"height\":101,\"caption\":\"Centre T\u00e8cnic Financer\"},\"image\":{\"@id\":\"https:\\\/\\\/centretecnicfinancer.cat\\\/ca\\\/#\\\/schema\\\/logo\\\/image\\\/\"}}]}<\/script>\n<!-- \/ Yoast SEO plugin. -->","yoast_head_json":{"title":"Pol\u00edtica de privadesa - Centre T\u00e8cnic Financer","robots":{"index":"noindex","follow":"nofollow"},"og_locale":"ca_ES","og_type":"article","og_title":"Pol\u00edtica de privadesa - Centre T\u00e8cnic Financer","og_description":"La nostra adre\u00e7a web \u00e9s: https:\/\/centretecnicfinancer.cat\/ca\/. Comentaris Quan els visitants ...","og_url":"https:\/\/centretecnicfinancer.cat\/ca\/politica-de-privadesa\/","og_site_name":"Centre T\u00e8cnic Financer","article_modified_time":"2024-12-20T15:36:02+00:00","twitter_card":"summary_large_image","twitter_misc":{"Temps estimat de lectura":"4 minuts"},"schema":{"@context":"https:\/\/schema.org","@graph":[{"@type":"WebPage","@id":"https:\/\/centretecnicfinancer.cat\/ca\/politica-de-privadesa\/","url":"https:\/\/centretecnicfinancer.cat\/ca\/politica-de-privadesa\/","name":"Pol\u00edtica de privadesa - Centre T\u00e8cnic Financer","isPartOf":{"@id":"https:\/\/centretecnicfinancer.cat\/ca\/#website"},"datePublished":"2024-10-23T07:28:22+00:00","dateModified":"2024-12-20T15:36:02+00:00","breadcrumb":{"@id":"https:\/\/centretecnicfinancer.cat\/ca\/politica-de-privadesa\/#breadcrumb"},"inLanguage":"ca","potentialAction":[{"@type":"ReadAction","target":["https:\/\/centretecnicfinancer.cat\/ca\/politica-de-privadesa\/"]}]},{"@type":"BreadcrumbList","@id":"https:\/\/centretecnicfinancer.cat\/ca\/politica-de-privadesa\/#breadcrumb","itemListElement":[{"@type":"ListItem","position":1,"name":"Inici","item":"https:\/\/centretecnicfinancer.cat\/ca\/"},{"@type":"ListItem","position":2,"name":"Pol\u00edtica de privadesa"}]},{"@type":"WebSite","@id":"https:\/\/centretecnicfinancer.cat\/ca\/#website","url":"https:\/\/centretecnicfinancer.cat\/ca\/","name":"Centre T\u00e8cnic Financer","description":"Mira una nova visi\u00f3 dels diners","publisher":{"@id":"https:\/\/centretecnicfinancer.cat\/ca\/#organization"},"potentialAction":[{"@type":"SearchAction","target":{"@type":"EntryPoint","urlTemplate":"https:\/\/centretecnicfinancer.cat\/ca\/?s={search_term_string}"},"query-input":{"@type":"PropertyValueSpecification","valueRequired":true,"valueName":"search_term_string"}}],"inLanguage":"ca"},{"@type":"Organization","@id":"https:\/\/centretecnicfinancer.cat\/ca\/#organization","name":"Centre T\u00e8cnic Financer","url":"https:\/\/centretecnicfinancer.cat\/ca\/","logo":{"@type":"ImageObject","inLanguage":"ca","@id":"https:\/\/centretecnicfinancer.cat\/ca\/#\/schema\/logo\/image\/","url":"https:\/\/centretecnicfinancer.cat\/wp-content\/uploads\/2024\/10\/logo_ctf_color-e1728902615128-1.png","contentUrl":"https:\/\/centretecnicfinancer.cat\/wp-content\/uploads\/2024\/10\/logo_ctf_color-e1728902615128-1.png","width":100,"height":101,"caption":"Centre T\u00e8cnic Financer"},"image":{"@id":"https:\/\/centretecnicfinancer.cat\/ca\/#\/schema\/logo\/image\/"}}]}},"_links":{"self":[{"href":"https:\/\/centretecnicfinancer.cat\/ca\/wp-json\/wp\/v2\/pages\/2782","targetHints":{"allow":["GET"]}}],"collection":[{"href":"https:\/\/centretecnicfinancer.cat\/ca\/wp-json\/wp\/v2\/pages"}],"about":[{"href":"https:\/\/centretecnicfinancer.cat\/ca\/wp-json\/wp\/v2\/types\/page"}],"author":[{"embeddable":true,"href":"https:\/\/centretecnicfinancer.cat\/ca\/wp-json\/wp\/v2\/users\/1"}],"replies":[{"embeddable":true,"href":"https:\/\/centretecnicfinancer.cat\/ca\/wp-json\/wp\/v2\/comments?post=2782"}],"version-history":[{"count":2,"href":"https:\/\/centretecnicfinancer.cat\/ca\/wp-json\/wp\/v2\/pages\/2782\/revisions"}],"predecessor-version":[{"id":2829,"href":"https:\/\/centretecnicfinancer.cat\/ca\/wp-json\/wp\/v2\/pages\/2782\/revisions\/2829"}],"wp:attachment":[{"href":"https:\/\/centretecnicfinancer.cat\/ca\/wp-json\/wp\/v2\/media?parent=2782"}],"curies":[{"name":"wp","href":"https:\/\/api.w.org\/{rel}","templated":true}]}}